{"id":396,"date":"2018-01-12T08:14:09","date_gmt":"2018-01-12T07:14:09","guid":{"rendered":"http:\/\/wgmedia-server4.de\/abn-schallschutz.de\/?page_id=396"},"modified":"2019-01-07T13:27:29","modified_gmt":"2019-01-07T12:27:29","slug":"impressum","status":"publish","type":"page","link":"http:\/\/wgmedia-server4.de\/abn-schallschutz.de\/impressum\/","title":{"rendered":"Impressum"},"content":{"rendered":"\n<style type=\"text\/css\" data-created_by=\"avia_inline_auto\" id=\"style-css-av-4fxupo-4e929626e6c31151db274cc7f4227f40\">\n.avia-section.av-4fxupo-4e929626e6c31151db274cc7f4227f40{\nbackground-color:#315482;\nbackground-image:url(unset);\n}\n<\/style>\n<div id='av_section_1'  class='avia-section av-4fxupo-4e929626e6c31151db274cc7f4227f40 main_color avia-section-no-padding avia-no-border-styling  avia-builder-el-0  el_before_av_section  avia-builder-el-first  avia-bg-style-scroll container_wrap sidebar_right'  ><div class='container av-section-cont-open' ><main  role=\"main\" itemprop=\"mainContentOfPage\"  class='template-page content  av-content-small alpha units'><div class='post-entry post-entry-type-page post-entry-396'><div class='entry-content-wrapper clearfix'>\n\n<style type=\"text\/css\" data-created_by=\"avia_inline_auto\" id=\"style-css-av-49n6zo-0405fb5d146a3281e7ffdfc3b8c17007\">\n.flex_column.av-49n6zo-0405fb5d146a3281e7ffdfc3b8c17007{\nborder-radius:0px 0px 0px 0px;\n-webkit-border-radius:0px 0px 0px 0px;\n-moz-border-radius:0px 0px 0px 0px;\n}\n<\/style>\n<div class='flex_column av-49n6zo-0405fb5d146a3281e7ffdfc3b8c17007 av_one_half  avia-builder-el-1  el_before_av_one_half  avia-builder-el-first  first flex_column_div av-zero-column-padding '   ><style type=\"text\/css\" data-created_by=\"avia_inline_auto\" id=\"style-css-av-41r1to-545d5d8afabf121fb6a9a47d95c49567\">\n.avia-image-container.av-41r1to-545d5d8afabf121fb6a9a47d95c49567 .av-image-caption-overlay-center{\ncolor:#ffffff;\n}\n<\/style>\n<div  class='avia-image-container av-41r1to-545d5d8afabf121fb6a9a47d95c49567 av-styling- avia-align-center  avia-builder-el-2  avia-builder-el-no-sibling '  itemprop=\"image\" itemscope=\"itemscope\" itemtype=\"https:\/\/schema.org\/ImageObject\" ><div class=\"avia-image-container-inner\"><div class=\"avia-image-overlay-wrap\"><img decoding=\"async\" class='wp-image-141 avia-img-lazy-loading-not-141 avia_image' src=\"http:\/\/wgmedia-server4.de\/abn-schallschutz.de\/wp-content\/uploads\/2018\/01\/welt-01.png\" alt='' title='welt-01'  height=\"200\" width=\"600\"  itemprop=\"thumbnailUrl\" srcset=\"http:\/\/wgmedia-server4.de\/abn-schallschutz.de\/wp-content\/uploads\/2018\/01\/welt-01.png 600w, http:\/\/wgmedia-server4.de\/abn-schallschutz.de\/wp-content\/uploads\/2018\/01\/welt-01-300x100.png 300w, http:\/\/wgmedia-server4.de\/abn-schallschutz.de\/wp-content\/uploads\/2018\/01\/welt-01-450x150.png 450w\" sizes=\"(max-width: 600px) 100vw, 600px\" \/><\/div><\/div><\/div><\/div>\n<style type=\"text\/css\" data-created_by=\"avia_inline_auto\" id=\"style-css-av-3xanwk-2fb8119ada8627ac83a09432e1d57151\">\n.flex_column.av-3xanwk-2fb8119ada8627ac83a09432e1d57151{\nborder-radius:0px 0px 0px 0px;\n-webkit-border-radius:0px 0px 0px 0px;\n-moz-border-radius:0px 0px 0px 0px;\n}\n<\/style>\n<div class='flex_column av-3xanwk-2fb8119ada8627ac83a09432e1d57151 av_one_half  avia-builder-el-3  el_after_av_one_half  avia-builder-el-last  flex_column_div av-zero-column-padding '   ><style type=\"text\/css\" data-created_by=\"avia_inline_auto\" id=\"style-css-av-dfi64-e00ec56c627bc85b44c67c5f548049f5\">\n.avia-image-container.av-dfi64-e00ec56c627bc85b44c67c5f548049f5 .av-caption-image-overlay-bg{\nopacity:0.4;\n}\n.avia-image-container.av-dfi64-e00ec56c627bc85b44c67c5f548049f5 .av-image-caption-overlay-center{\ncolor:#ffffff;\n}\n<\/style>\n<div  class='avia-image-container av-dfi64-e00ec56c627bc85b44c67c5f548049f5 av-styling- avia-align-center  avia-builder-el-4  avia-builder-el-no-sibling  noHover av-overlay-on-hover'  itemprop=\"image\" itemscope=\"itemscope\" itemtype=\"https:\/\/schema.org\/ImageObject\" ><div class=\"avia-image-container-inner\"><div class=\"avia-image-overlay-wrap\"><a href=\"http:\/\/wgmedia-server4.de\/abn-schallschutz.de\/\" class='avia_image' ><div class=\"av-image-caption-overlay\"><div class=\"av-caption-image-overlay-bg\"><\/div><div class=\"av-image-caption-overlay-position\"><div class=\"av-image-caption-overlay-center\"><\/div><\/div><\/div><img decoding=\"async\" class='wp-image-19 avia-img-lazy-loading-not-19 avia_image' src=\"http:\/\/wgmedia-server4.de\/abn-schallschutz.de\/wp-content\/uploads\/2017\/12\/abn-schallschutz-logo.png\" alt='' title='abn-schallschutz-logo'  height=\"200\" width=\"555\"  itemprop=\"thumbnailUrl\" srcset=\"http:\/\/wgmedia-server4.de\/abn-schallschutz.de\/wp-content\/uploads\/2017\/12\/abn-schallschutz-logo.png 555w, http:\/\/wgmedia-server4.de\/abn-schallschutz.de\/wp-content\/uploads\/2017\/12\/abn-schallschutz-logo-300x108.png 300w, http:\/\/wgmedia-server4.de\/abn-schallschutz.de\/wp-content\/uploads\/2017\/12\/abn-schallschutz-logo-450x162.png 450w\" sizes=\"(max-width: 555px) 100vw, 555px\" \/><\/a><\/div><\/div><\/div><\/div><\/div><\/div><\/main><!-- close content main element --><\/div><\/div>\n<style type=\"text\/css\" data-created_by=\"avia_inline_auto\" id=\"style-css-av-3ime5o-ef573d48cbbdb483e55e8e463a2f62a6\">\n.avia-section.av-3ime5o-ef573d48cbbdb483e55e8e463a2f62a6{\nbackground-color:#c4d444;\nbackground-image:url(unset);\n}\n<\/style>\n<div id='sp-height'  class='avia-section av-3ime5o-ef573d48cbbdb483e55e8e463a2f62a6 main_color avia-section-no-padding avia-no-border-styling  avia-builder-el-5  el_after_av_section  el_before_av_section  avia-bg-style-scroll container_wrap sidebar_right'  ><div class='container av-section-cont-open' ><div class='template-page content  av-content-small alpha units'><div class='post-entry post-entry-type-page post-entry-396'><div class='entry-content-wrapper clearfix'>\n\n<style type=\"text\/css\" data-created_by=\"avia_inline_auto\" id=\"style-css-av-3ggix0-e82c015f4e10e6d4f60ea56a39a66266\">\n#top .av_textblock_section.av-3ggix0-e82c015f4e10e6d4f60ea56a39a66266 .avia_textblock{\nfont-size:28px;\ncolor:#325482;\n}\n\n@media only screen and (min-width: 480px) and (max-width: 767px){ \n#top .av_textblock_section.av-3ggix0-e82c015f4e10e6d4f60ea56a39a66266 .avia_textblock{\nfont-size:18px;\n}\n}\n\n@media only screen and (max-width: 479px){ \n#top .av_textblock_section.av-3ggix0-e82c015f4e10e6d4f60ea56a39a66266 .avia_textblock{\nfont-size:15px;\n}\n}\n<\/style>\n<section  class='av_textblock_section av-3ggix0-e82c015f4e10e6d4f60ea56a39a66266'  itemscope=\"itemscope\" itemtype=\"https:\/\/schema.org\/CreativeWork\" ><div class='avia_textblock av_inherit_color'  itemprop=\"text\" ><p style=\"text-align: center;\"><strong>WIR SORGEN F\u00dcR EINE LEISERE UMWELT!<\/strong><\/p>\n<\/div><\/section>\n<\/p>\n<\/div><\/div><\/div><!-- close content main div --><\/div><\/div><div id='av_section_3'  class='avia-section av-3abjo4-78b8a799b8535f896aa3a2e0e824defd main_color avia-section-no-padding avia-no-border-styling  avia-builder-el-7  el_after_av_section  el_before_av_one_full  avia-bg-style-scroll container_wrap sidebar_right'  ><div class='container av-section-cont-open' ><div class='template-page content  av-content-small alpha units'><div class='post-entry post-entry-type-page post-entry-396'><div class='entry-content-wrapper clearfix'>\n<div  class='avia-slideshow av-b3i90-b79a46043df34ab6c9f36d9d63b18f81 av-control-default avia-slideshow-no scaling av_slideshow avia-fade-slider  avia-builder-el-8  avia-builder-el-no-sibling  av-default-height-applied avia-slideshow-1'  data-size='no scaling'  data-lightbox_size='large'  data-animation='fade'  data-conditional_play=''  data-ids='147'  data-video_counter='0'  data-autoplay='true'  data-bg_slider='false'  data-slide_height=''  data-handle='av_slideshow'  data-interval='6'  data-class=' avia-builder-el-8  avia-builder-el-no-sibling '  data-extra_class=''  data-el_id=''  data-css_id=''  data-scroll_down=''  data-control_layout='av-control-default'  data-custom_markup=''  data-perma_caption=''  data-autoplay_stopper=''  data-image_attachment=''  data-min_height='0px'  data-lazy_loading='disabled'  data-default-height='20'  data-img_scrset=''  data-av-desktop-hide=''  data-av-medium-hide=''  data-av-small-hide=''  data-av-mini-hide=''  data-alb_description=''  data-id=''  data-custom_class=''  data-template_class=''  data-av_uid='av-b3i90'  data-sc_version='1.0'  data-heading_tag=''  data-heading_class=''   itemprop=\"image\" itemscope=\"itemscope\" itemtype=\"https:\/\/schema.org\/ImageObject\" ><ul class='avia-slideshow-inner ' style='padding-bottom: 20%;'><li  class='avia-slideshow-slide av-b3i90-b79a46043df34ab6c9f36d9d63b18f81__0  av-single-slide slide-1 ' ><div data-rel='slideshow-1' class='avia-slide-wrap '   ><img decoding=\"async\" class=\"wp-image-147 avia-img-lazy-loading-not-147\"  src=\"http:\/\/wgmedia-server4.de\/abn-schallschutz.de\/wp-content\/uploads\/2018\/01\/abn-schallschutz-weltweit-02-small.jpg\" width=\"1500\" height=\"300\" title='abn-schallschutz-weltweit-02-small' alt=''  itemprop=\"thumbnailUrl\" srcset=\"http:\/\/wgmedia-server4.de\/abn-schallschutz.de\/wp-content\/uploads\/2018\/01\/abn-schallschutz-weltweit-02-small.jpg 1500w, http:\/\/wgmedia-server4.de\/abn-schallschutz.de\/wp-content\/uploads\/2018\/01\/abn-schallschutz-weltweit-02-small-300x60.jpg 300w, http:\/\/wgmedia-server4.de\/abn-schallschutz.de\/wp-content\/uploads\/2018\/01\/abn-schallschutz-weltweit-02-small-768x154.jpg 768w, http:\/\/wgmedia-server4.de\/abn-schallschutz.de\/wp-content\/uploads\/2018\/01\/abn-schallschutz-weltweit-02-small-1030x206.jpg 1030w, http:\/\/wgmedia-server4.de\/abn-schallschutz.de\/wp-content\/uploads\/2018\/01\/abn-schallschutz-weltweit-02-small-705x141.jpg 705w, http:\/\/wgmedia-server4.de\/abn-schallschutz.de\/wp-content\/uploads\/2018\/01\/abn-schallschutz-weltweit-02-small-450x90.jpg 450w\" sizes=\"(max-width: 1500px) 100vw, 1500px\" \/><\/div><\/li><\/ul><\/div>\n<\/div><\/div><\/div><!-- close content main div --><\/div><\/div><div id='after_section_3'  class='main_color av_default_container_wrap container_wrap sidebar_right'  ><div class='container av-section-cont-open' ><div class='template-page content  av-content-small alpha units'><div class='post-entry post-entry-type-page post-entry-396'><div class='entry-content-wrapper clearfix'>\n\n<style type=\"text\/css\" data-created_by=\"avia_inline_auto\" id=\"style-css-av-2q1e6c-c3b14b2ae53964cf1686cd1c5bd29994\">\n.flex_column.av-2q1e6c-c3b14b2ae53964cf1686cd1c5bd29994{\nborder-radius:0px 0px 0px 0px;\n-webkit-border-radius:0px 0px 0px 0px;\n-moz-border-radius:0px 0px 0px 0px;\n}\n<\/style>\n<div class='flex_column av-2q1e6c-c3b14b2ae53964cf1686cd1c5bd29994 av_one_full  avia-builder-el-9  el_after_av_section  el_before_av_hr  avia-builder-el-first  first flex_column_div av-zero-column-padding '   ><section  class='av_textblock_section av-2m1nsk-baa7b20ff9ce3e7587aa4a4f135ed5c5'  itemscope=\"itemscope\" itemtype=\"https:\/\/schema.org\/CreativeWork\" ><div class='avia_textblock'  itemprop=\"text\" ><h1>Impressum<\/h1>\n<\/div><\/section><\/div>\n\n<style type=\"text\/css\" data-created_by=\"avia_inline_auto\" id=\"style-css-av-2dqasc-904c76fb0fbc53ec4c926acda18dd211\">\n#top .hr.hr-invisible.av-2dqasc-904c76fb0fbc53ec4c926acda18dd211{\nheight:20px;\n}\n<\/style>\n<div  class='hr av-2dqasc-904c76fb0fbc53ec4c926acda18dd211 hr-invisible  avia-builder-el-11  el_after_av_one_full  el_before_av_one_third '><span class='hr-inner '><span class=\"hr-inner-style\"><\/span><\/span><\/div>\n<div class='flex_column_table av-2b39ho-029aa854f8ed5bb682f9eadef5acbef0 sc-av_one_third av-equal-height-column-flextable'>\n<style type=\"text\/css\" data-created_by=\"avia_inline_auto\" id=\"style-css-av-2b39ho-029aa854f8ed5bb682f9eadef5acbef0\">\n.flex_column.av-2b39ho-029aa854f8ed5bb682f9eadef5acbef0{\nborder-radius:0px 0px 0px 0px;\n-webkit-border-radius:0px 0px 0px 0px;\n-moz-border-radius:0px 0px 0px 0px;\n}\n<\/style>\n<div class='flex_column av-2b39ho-029aa854f8ed5bb682f9eadef5acbef0 av_one_third  avia-builder-el-12  el_after_av_hr  el_before_av_one_third  first flex_column_table_cell av-equal-height-column av-align-top  av-animated-generic pop-up av-zero-column-padding '   ><section  class='av_textblock_section av-233br0-523f49712fcfffdf02403d7fae056b35'  itemscope=\"itemscope\" itemtype=\"https:\/\/schema.org\/CreativeWork\" ><div class='avia_textblock'  itemprop=\"text\" ><div class=\"textwidget\">\n<p><strong>Akustik-Planungsb\u00fcro-Nord GmbH<\/strong><\/p>\n<p>Schinkelweg 9a<br \/>\n25597 Breitenberg<\/p>\n<p>Telefon: +49 (0)4822 73 91<br \/>\nTelefax: +49 (0)4822 58 98<\/p>\n<\/div>\n<\/div><\/section><\/div>\n<div class='av-flex-placeholder'><\/div>\n<style type=\"text\/css\" data-created_by=\"avia_inline_auto\" id=\"style-css-av-1xskgs-eec7e67733e28052d4bafdd2cef69494\">\n.flex_column.av-1xskgs-eec7e67733e28052d4bafdd2cef69494{\nborder-radius:0px 0px 0px 0px;\n-webkit-border-radius:0px 0px 0px 0px;\n-moz-border-radius:0px 0px 0px 0px;\n}\n<\/style>\n<div class='flex_column av-1xskgs-eec7e67733e28052d4bafdd2cef69494 av_one_third  avia-builder-el-14  el_after_av_one_third  el_before_av_one_third  flex_column_table_cell av-equal-height-column av-align-top  av-animated-generic pop-up av-zero-column-padding '   ><section  class='av_textblock_section av-1s4isc-e00e25f64cbc3e508fb319fd64526f81'  itemscope=\"itemscope\" itemtype=\"https:\/\/schema.org\/CreativeWork\" ><div class='avia_textblock'  itemprop=\"text\" ><div class=\"textwidget\">\n<p>Internet: www.abn-schallschutz.de<br \/>\nE-Mail: info@abn-schallschutz.de<\/p>\n<p>Gesch\u00e4ftsf\u00fchrer: Dipl.-Ing. (TU)\u00a0 Peter Bruhn<\/p>\n<p>HRB NR.: 1208, Amtsgericht Itzehoe<br \/>\nUSt.-IDNr. DE 118 518 572<\/p>\n<\/div>\n<\/div><\/section><\/div>\n<div class='av-flex-placeholder'><\/div>\n<style type=\"text\/css\" data-created_by=\"avia_inline_auto\" id=\"style-css-av-1kbz90-bea2d917057b679263e0825941714522\">\n.flex_column.av-1kbz90-bea2d917057b679263e0825941714522{\nborder-radius:0px 0px 0px 0px;\n-webkit-border-radius:0px 0px 0px 0px;\n-moz-border-radius:0px 0px 0px 0px;\n}\n<\/style>\n<div class='flex_column av-1kbz90-bea2d917057b679263e0825941714522 av_one_third  avia-builder-el-16  el_after_av_one_third  el_before_av_hr  flex_column_table_cell av-equal-height-column av-align-top  av-animated-generic pop-up av-zero-column-padding '   ><\/div><\/div><!--close column table wrapper. Autoclose: 1 -->\n<div  class='hr av-1dvn1w-98be73604f9b651a5c9b88ac0d66efb8 hr-big  avia-builder-el-17  el_after_av_one_third  el_before_av_one_third '><span class='hr-inner '><span class=\"hr-inner-style\"><\/span><\/span><\/div>\n\n<style type=\"text\/css\" data-created_by=\"avia_inline_auto\" id=\"style-css-av-1awg98-5c442afc56d67d758f3b8c4016f064e3\">\n.flex_column.av-1awg98-5c442afc56d67d758f3b8c4016f064e3{\nborder-radius:0px 0px 0px 0px;\n-webkit-border-radius:0px 0px 0px 0px;\n-moz-border-radius:0px 0px 0px 0px;\n}\n<\/style>\n<div class='flex_column av-1awg98-5c442afc56d67d758f3b8c4016f064e3 av_one_third  avia-builder-el-18  el_after_av_hr  el_before_av_one_third  first flex_column_div av-zero-column-padding '   ><section  class='av_textblock_section av-13w8s4-75c2d6cdd347f195f374eccb3ada0b1e'  itemscope=\"itemscope\" itemtype=\"https:\/\/schema.org\/CreativeWork\" ><div class='avia_textblock'  itemprop=\"text\" ><p><strong>Haftung f\u00fcr Inhalte<\/strong><\/p>\n<p>Als Diensteanbieter sind wir gem\u00e4\u00df \u00a7 7 Abs.1 TMG f\u00fcr eigene Inhalte auf diesen Seiten nach den allgemeinen Gesetzen verantwortlich. Nach \u00a7\u00a7 8 bis 10 TMG sind wir als Diensteanbieter jedoch nicht verpflichtet, \u00fcbermittelte oder gespeicherte fremde Informationen zu \u00fcberwachen oder nach Umst\u00e4nden zu forschen, die auf eine rechtswidrige T\u00e4tigkeit hinweisen. Verpflichtungen zur Entfernung oder Sperrung der Nutzung von Informationen nach den allgemeinen Gesetzen bleiben hiervon unber\u00fchrt. Eine diesbez\u00fcgliche Haftung ist jedoch erst ab dem Zeitpunkt der Kenntnis einer konkreten Rechtsverletzung m\u00f6glich. Bei Bekanntwerden von entsprechenden Rechtsverletzungen werden wir diese Inhalte umgehend entfernen.<\/p>\n<\/div><\/section><\/div>\n\n<style type=\"text\/css\" data-created_by=\"avia_inline_auto\" id=\"style-css-av-3frjw-10afd06c697e843e3d70087aa690db53\">\n.flex_column.av-3frjw-10afd06c697e843e3d70087aa690db53{\nborder-radius:0px 0px 0px 0px;\n-webkit-border-radius:0px 0px 0px 0px;\n-moz-border-radius:0px 0px 0px 0px;\n}\n<\/style>\n<div class='flex_column av-3frjw-10afd06c697e843e3d70087aa690db53 av_one_third  avia-builder-el-20  el_after_av_one_third  el_before_av_one_third  flex_column_div av-zero-column-padding '   ><section  class='av_textblock_section av-qz5q4-226741c5e4a3e06cd2be3fc2d57c7038'  itemscope=\"itemscope\" itemtype=\"https:\/\/schema.org\/CreativeWork\" ><div class='avia_textblock'  itemprop=\"text\" ><p><strong>Haftung f\u00fcr Links<\/strong><\/p>\n<p>Unser Angebot enth\u00e4lt Links zu externen Webseiten Dritter, auf deren Inhalte wir keinen Einfluss haben. Deshalb k\u00f6nnen wir f\u00fcr diese fremden Inhalte auch keine Gew\u00e4hr \u00fcbernehmen. F\u00fcr die Inhalte der verlinkten Seiten ist stets der jeweilige Anbieter oder Betreiber der Seiten verantwortlich. Die verlinkten Seiten wurden zum Zeitpunkt der Verlinkung auf m\u00f6gliche Rechtsverst\u00f6\u00dfe \u00fcberpr\u00fcft. Rechtswidrige Inhalte waren zum Zeitpunkt der Verlinkung nicht erkennbar. Eine permanente inhaltliche Kontrolle der verlinkten Seiten ist jedoch ohne konkrete Anhaltspunkte einer Rechtsverletzung nicht zumutbar. Bei Bekanntwerden von Rechtsverletzungen werden wir derartige Links umgehend entfernen.<\/p>\n<\/div><\/section><\/div>\n\n<style type=\"text\/css\" data-created_by=\"avia_inline_auto\" id=\"style-css-av-k1psc-c4083a4661390dfde265d25657388027\">\n.flex_column.av-k1psc-c4083a4661390dfde265d25657388027{\nborder-radius:0px 0px 0px 0px;\n-webkit-border-radius:0px 0px 0px 0px;\n-moz-border-radius:0px 0px 0px 0px;\n}\n<\/style>\n<div class='flex_column av-k1psc-c4083a4661390dfde265d25657388027 av_one_third  avia-builder-el-22  el_after_av_one_third  el_before_av_hr  flex_column_div av-zero-column-padding '   ><section  class='av_textblock_section av-gzi70-c97197115012ada4f6b92f8266e2f1e4'  itemscope=\"itemscope\" itemtype=\"https:\/\/schema.org\/CreativeWork\" ><div class='avia_textblock'  itemprop=\"text\" ><p><strong>Urheberrecht<\/strong><\/p>\n<p>Die durch die Seitenbetreiber erstellten Inhalte und Werke auf diesen Seiten unterliegen dem deutschen Urheberrecht. Die Vervielf\u00e4ltigung, Bearbeitung, Verbreitung und jede Art der Verwertung au\u00dferhalb der Grenzen des Urheberrechtes bed\u00fcrfen der schriftlichen Zustimmung des jeweiligen Autors bzw. Erstellers. Downloads und Kopien dieser Seite sind nur f\u00fcr den privaten, nicht kommerziellen Gebrauch gestattet. Soweit die Inhalte auf dieser Seite nicht vom Betreiber erstellt wurden, werden die Urheberrechte Dritter beachtet. Insbesondere werden Inhalte Dritter als solche gekennzeichnet. Sollten Sie trotzdem auf eine Urheberrechtsverletzung aufmerksam werden, bitten wir um einen entsprechenden Hinweis. Bei Bekanntwerden von Rechtsverletzungen werden wir derartige Inhalte umgehend entfernen.<\/p>\n<\/div><\/section><\/div>\n\n<style type=\"text\/css\" data-created_by=\"avia_inline_auto\" id=\"style-css-av-9140c-a680b5e55302da7567895e2372318257\">\n#top .hr.hr-invisible.av-9140c-a680b5e55302da7567895e2372318257{\nheight:20px;\n}\n<\/style>\n<div  class='hr av-9140c-a680b5e55302da7567895e2372318257 hr-invisible  avia-builder-el-24  el_after_av_one_third  avia-builder-el-last '><span class='hr-inner '><span class=\"hr-inner-style\"><\/span><\/span><\/div>\n","protected":false},"excerpt":{"rendered":"","protected":false},"author":1,"featured_media":0,"parent":0,"menu_order":100,"comment_status":"closed","ping_status":"closed","template":"","meta":{"footnotes":""},"class_list":["post-396","page","type-page","status-publish","hentry"],"_links":{"self":[{"href":"http:\/\/wgmedia-server4.de\/abn-schallschutz.de\/wp-json\/wp\/v2\/pages\/396","targetHints":{"allow":["GET"]}}],"collection":[{"href":"http:\/\/wgmedia-server4.de\/abn-schallschutz.de\/wp-json\/wp\/v2\/pages"}],"about":[{"href":"http:\/\/wgmedia-server4.de\/abn-schallschutz.de\/wp-json\/wp\/v2\/types\/page"}],"author":[{"embeddable":true,"href":"http:\/\/wgmedia-server4.de\/abn-schallschutz.de\/wp-json\/wp\/v2\/users\/1"}],"replies":[{"embeddable":true,"href":"http:\/\/wgmedia-server4.de\/abn-schallschutz.de\/wp-json\/wp\/v2\/comments?post=396"}],"version-history":[{"count":8,"href":"http:\/\/wgmedia-server4.de\/abn-schallschutz.de\/wp-json\/wp\/v2\/pages\/396\/revisions"}],"predecessor-version":[{"id":791,"href":"http:\/\/wgmedia-server4.de\/abn-schallschutz.de\/wp-json\/wp\/v2\/pages\/396\/revisions\/791"}],"wp:attachment":[{"href":"http:\/\/wgmedia-server4.de\/abn-schallschutz.de\/wp-json\/wp\/v2\/media?parent=396"}],"curies":[{"name":"wp","href":"https:\/\/api.w.org\/{rel}","templated":true}]}}