{"id":248,"date":"2018-01-11T09:01:33","date_gmt":"2018-01-11T08:01:33","guid":{"rendered":"http:\/\/wgmedia-server4.de\/abn-schallschutz.de\/?page_id=248"},"modified":"2019-01-07T13:23:12","modified_gmt":"2019-01-07T12:23:12","slug":"meisterkabinen","status":"publish","type":"page","link":"http:\/\/wgmedia-server4.de\/abn-schallschutz.de\/produkte\/meisterkabinen\/","title":{"rendered":"Meisterkabinen"},"content":{"rendered":"\n<style type=\"text\/css\" data-created_by=\"avia_inline_auto\" id=\"style-css-av-3x2ceo-18f26034de686ba63b5c21a770785afa\">\n.avia-section.av-3x2ceo-18f26034de686ba63b5c21a770785afa{\nbackground-color:#315482;\nbackground-image:url(unset);\n}\n<\/style>\n<div id='av_section_1'  class='avia-section av-3x2ceo-18f26034de686ba63b5c21a770785afa main_color avia-section-no-padding avia-no-border-styling  avia-builder-el-0  el_before_av_section  avia-builder-el-first  avia-bg-style-scroll container_wrap sidebar_right'  ><div class='container av-section-cont-open' ><main  role=\"main\" itemprop=\"mainContentOfPage\"  class='template-page content  av-content-small alpha units'><div class='post-entry post-entry-type-page post-entry-248'><div class='entry-content-wrapper clearfix'>\n\n<style type=\"text\/css\" data-created_by=\"avia_inline_auto\" id=\"style-css-av-3peerk-d30b268ae187fc317fd797440bb76d8c\">\n.flex_column.av-3peerk-d30b268ae187fc317fd797440bb76d8c{\nborder-radius:0px 0px 0px 0px;\n-webkit-border-radius:0px 0px 0px 0px;\n-moz-border-radius:0px 0px 0px 0px;\n}\n<\/style>\n<div class='flex_column av-3peerk-d30b268ae187fc317fd797440bb76d8c av_one_half  avia-builder-el-1  el_before_av_one_half  avia-builder-el-first  first flex_column_div av-zero-column-padding '   ><style type=\"text\/css\" data-created_by=\"avia_inline_auto\" id=\"style-css-av-3l4y2o-b0df6f7f879d8e2a225ea3b65022f877\">\n.avia-image-container.av-3l4y2o-b0df6f7f879d8e2a225ea3b65022f877 .av-image-caption-overlay-center{\ncolor:#ffffff;\n}\n<\/style>\n<div  class='avia-image-container av-3l4y2o-b0df6f7f879d8e2a225ea3b65022f877 av-styling- avia-align-center  avia-builder-el-2  avia-builder-el-no-sibling '  itemprop=\"image\" itemscope=\"itemscope\" itemtype=\"https:\/\/schema.org\/ImageObject\" ><div class=\"avia-image-container-inner\"><div class=\"avia-image-overlay-wrap\"><img decoding=\"async\" class='wp-image-141 avia-img-lazy-loading-not-141 avia_image' src=\"http:\/\/wgmedia-server4.de\/abn-schallschutz.de\/wp-content\/uploads\/2018\/01\/welt-01.png\" alt='' title='welt-01'  height=\"200\" width=\"600\"  itemprop=\"thumbnailUrl\" srcset=\"http:\/\/wgmedia-server4.de\/abn-schallschutz.de\/wp-content\/uploads\/2018\/01\/welt-01.png 600w, http:\/\/wgmedia-server4.de\/abn-schallschutz.de\/wp-content\/uploads\/2018\/01\/welt-01-300x100.png 300w, http:\/\/wgmedia-server4.de\/abn-schallschutz.de\/wp-content\/uploads\/2018\/01\/welt-01-450x150.png 450w\" sizes=\"(max-width: 600px) 100vw, 600px\" \/><\/div><\/div><\/div><\/div>\n<style type=\"text\/css\" data-created_by=\"avia_inline_auto\" id=\"style-css-av-3dtumg-be3f761b43e1a1f711cf54ce2e4a363a\">\n.flex_column.av-3dtumg-be3f761b43e1a1f711cf54ce2e4a363a{\nborder-radius:0px 0px 0px 0px;\n-webkit-border-radius:0px 0px 0px 0px;\n-moz-border-radius:0px 0px 0px 0px;\n}\n<\/style>\n<div class='flex_column av-3dtumg-be3f761b43e1a1f711cf54ce2e4a363a av_one_half  avia-builder-el-3  el_after_av_one_half  avia-builder-el-last  flex_column_div av-zero-column-padding '   ><style type=\"text\/css\" data-created_by=\"avia_inline_auto\" id=\"style-css-av-bff5c-8989d3810af4fb7ff3c0352f6cb2e89f\">\n.avia-image-container.av-bff5c-8989d3810af4fb7ff3c0352f6cb2e89f .av-caption-image-overlay-bg{\nopacity:0.4;\n}\n.avia-image-container.av-bff5c-8989d3810af4fb7ff3c0352f6cb2e89f .av-image-caption-overlay-center{\ncolor:#ffffff;\n}\n<\/style>\n<div  class='avia-image-container av-bff5c-8989d3810af4fb7ff3c0352f6cb2e89f av-styling- avia-align-center  avia-builder-el-4  avia-builder-el-no-sibling  noHover av-overlay-on-hover'  itemprop=\"image\" itemscope=\"itemscope\" itemtype=\"https:\/\/schema.org\/ImageObject\" ><div class=\"avia-image-container-inner\"><div class=\"avia-image-overlay-wrap\"><a href=\"http:\/\/wgmedia-server4.de\/abn-schallschutz.de\/\" class='avia_image' ><div class=\"av-image-caption-overlay\"><div class=\"av-caption-image-overlay-bg\"><\/div><div class=\"av-image-caption-overlay-position\"><div class=\"av-image-caption-overlay-center\"><\/div><\/div><\/div><img decoding=\"async\" class='wp-image-19 avia-img-lazy-loading-not-19 avia_image' src=\"http:\/\/wgmedia-server4.de\/abn-schallschutz.de\/wp-content\/uploads\/2017\/12\/abn-schallschutz-logo.png\" alt='' title='abn-schallschutz-logo'  height=\"200\" width=\"555\"  itemprop=\"thumbnailUrl\" srcset=\"http:\/\/wgmedia-server4.de\/abn-schallschutz.de\/wp-content\/uploads\/2017\/12\/abn-schallschutz-logo.png 555w, http:\/\/wgmedia-server4.de\/abn-schallschutz.de\/wp-content\/uploads\/2017\/12\/abn-schallschutz-logo-300x108.png 300w, http:\/\/wgmedia-server4.de\/abn-schallschutz.de\/wp-content\/uploads\/2017\/12\/abn-schallschutz-logo-450x162.png 450w\" sizes=\"(max-width: 555px) 100vw, 555px\" \/><\/a><\/div><\/div><\/div><\/div><\/div><\/div><\/main><!-- close content main element --><\/div><\/div>\n<style type=\"text\/css\" data-created_by=\"avia_inline_auto\" id=\"style-css-av-30c5a8-b14ffa79de360007b1d57828757e94ef\">\n.avia-section.av-30c5a8-b14ffa79de360007b1d57828757e94ef{\nbackground-color:#c4d444;\nbackground-image:url(unset);\n}\n<\/style>\n<div id='sp-height'  class='avia-section av-30c5a8-b14ffa79de360007b1d57828757e94ef main_color avia-section-no-padding avia-no-border-styling  avia-builder-el-5  el_after_av_section  el_before_av_section  avia-bg-style-scroll container_wrap sidebar_right'  ><div class='container av-section-cont-open' ><div class='template-page content  av-content-small alpha units'><div class='post-entry post-entry-type-page post-entry-248'><div class='entry-content-wrapper clearfix'>\n\n<style type=\"text\/css\" data-created_by=\"avia_inline_auto\" id=\"style-css-av-a6k6g-32bdab16727e6a8675e88b7440ff4f34\">\n#top .av_textblock_section.av-a6k6g-32bdab16727e6a8675e88b7440ff4f34 .avia_textblock{\nfont-size:28px;\ncolor:#325482;\n}\n\n@media only screen and (min-width: 480px) and (max-width: 767px){ \n#top .av_textblock_section.av-a6k6g-32bdab16727e6a8675e88b7440ff4f34 .avia_textblock{\nfont-size:18px;\n}\n}\n\n@media only screen and (max-width: 479px){ \n#top .av_textblock_section.av-a6k6g-32bdab16727e6a8675e88b7440ff4f34 .avia_textblock{\nfont-size:15px;\n}\n}\n<\/style>\n<section  class='av_textblock_section av-a6k6g-32bdab16727e6a8675e88b7440ff4f34'  itemscope=\"itemscope\" itemtype=\"https:\/\/schema.org\/CreativeWork\" ><div class='avia_textblock av_inherit_color'  itemprop=\"text\" ><p style=\"text-align: center;\"><strong>WIR SORGEN F\u00dcR EINE LEISERE UMWELT!<\/strong><\/p>\n<\/div><\/section>\n<\/p>\n<\/div><\/div><\/div><!-- close content main div --><\/div><\/div><div id='av_section_3'  class='avia-section av-2sjpls-24a4e01b621acdb3317aad1cc3dc5541 main_color avia-section-no-padding avia-no-border-styling  avia-builder-el-7  el_after_av_section  el_before_av_one_full  avia-bg-style-scroll container_wrap sidebar_right'  ><div class='container av-section-cont-open' ><div class='template-page content  av-content-small alpha units'><div class='post-entry post-entry-type-page post-entry-248'><div class='entry-content-wrapper clearfix'>\n<div  class='avia-slideshow av-2jx6lc-f3879c610a812d6dbde6f30b1ba007d7 av-control-default avia-slideshow-no scaling av_slideshow avia-fade-slider  avia-builder-el-8  avia-builder-el-no-sibling  av-default-height-applied avia-slideshow-1'  data-size='no scaling'  data-lightbox_size='large'  data-animation='fade'  data-conditional_play=''  data-ids='147'  data-video_counter='0'  data-autoplay='true'  data-bg_slider='false'  data-slide_height=''  data-handle='av_slideshow'  data-interval='6'  data-class=' avia-builder-el-8  avia-builder-el-no-sibling '  data-extra_class=''  data-el_id=''  data-css_id=''  data-scroll_down=''  data-control_layout='av-control-default'  data-custom_markup=''  data-perma_caption=''  data-autoplay_stopper=''  data-image_attachment=''  data-min_height='0px'  data-lazy_loading='disabled'  data-default-height='20'  data-img_scrset=''  data-av-desktop-hide=''  data-av-medium-hide=''  data-av-small-hide=''  data-av-mini-hide=''  data-alb_description=''  data-id=''  data-custom_class=''  data-template_class=''  data-av_uid='av-2jx6lc'  data-sc_version='1.0'  data-heading_tag=''  data-heading_class=''   itemprop=\"image\" itemscope=\"itemscope\" itemtype=\"https:\/\/schema.org\/ImageObject\" ><ul class='avia-slideshow-inner ' style='padding-bottom: 20%;'><li  class='avia-slideshow-slide av-2jx6lc-f3879c610a812d6dbde6f30b1ba007d7__0  av-single-slide slide-1 ' ><div data-rel='slideshow-1' class='avia-slide-wrap '   ><img decoding=\"async\" class=\"wp-image-147 avia-img-lazy-loading-not-147\"  src=\"http:\/\/wgmedia-server4.de\/abn-schallschutz.de\/wp-content\/uploads\/2018\/01\/abn-schallschutz-weltweit-02-small.jpg\" width=\"1500\" height=\"300\" title='abn-schallschutz-weltweit-02-small' alt=''  itemprop=\"thumbnailUrl\" srcset=\"http:\/\/wgmedia-server4.de\/abn-schallschutz.de\/wp-content\/uploads\/2018\/01\/abn-schallschutz-weltweit-02-small.jpg 1500w, http:\/\/wgmedia-server4.de\/abn-schallschutz.de\/wp-content\/uploads\/2018\/01\/abn-schallschutz-weltweit-02-small-300x60.jpg 300w, http:\/\/wgmedia-server4.de\/abn-schallschutz.de\/wp-content\/uploads\/2018\/01\/abn-schallschutz-weltweit-02-small-768x154.jpg 768w, http:\/\/wgmedia-server4.de\/abn-schallschutz.de\/wp-content\/uploads\/2018\/01\/abn-schallschutz-weltweit-02-small-1030x206.jpg 1030w, http:\/\/wgmedia-server4.de\/abn-schallschutz.de\/wp-content\/uploads\/2018\/01\/abn-schallschutz-weltweit-02-small-705x141.jpg 705w, http:\/\/wgmedia-server4.de\/abn-schallschutz.de\/wp-content\/uploads\/2018\/01\/abn-schallschutz-weltweit-02-small-450x90.jpg 450w\" sizes=\"(max-width: 1500px) 100vw, 1500px\" \/><\/div><\/li><\/ul><\/div>\n<\/div><\/div><\/div><!-- close content main div --><\/div><\/div><div id='after_section_3'  class='main_color av_default_container_wrap container_wrap sidebar_right'  ><div class='container av-section-cont-open' ><div class='template-page content  av-content-small alpha units'><div class='post-entry post-entry-type-page post-entry-248'><div class='entry-content-wrapper clearfix'>\n\n<style type=\"text\/css\" data-created_by=\"avia_inline_auto\" id=\"style-css-av-27nyc0-87ea1d133ead638e9c64a8e48c6ef0d9\">\n.flex_column.av-27nyc0-87ea1d133ead638e9c64a8e48c6ef0d9{\nborder-radius:0px 0px 0px 0px;\n-webkit-border-radius:0px 0px 0px 0px;\n-moz-border-radius:0px 0px 0px 0px;\n}\n<\/style>\n<div class='flex_column av-27nyc0-87ea1d133ead638e9c64a8e48c6ef0d9 av_one_full  avia-builder-el-9  el_after_av_section  el_before_av_hr  avia-builder-el-first  first flex_column_div av-zero-column-padding '   ><section  class='av_textblock_section av-247lhc-76b9ebfa2b57e04a66ba4202436129d2'  itemscope=\"itemscope\" itemtype=\"https:\/\/schema.org\/CreativeWork\" ><div class='avia_textblock'  itemprop=\"text\" ><h1><strong>Meisterkabinen u. Schaltwarten<\/strong><\/h1>\n<\/div><\/section><\/div>\n\n<style type=\"text\/css\" data-created_by=\"avia_inline_auto\" id=\"style-css-av-1v5560-b054ff597eadd6571245470ef643278f\">\n#top .hr.hr-invisible.av-1v5560-b054ff597eadd6571245470ef643278f{\nheight:20px;\n}\n<\/style>\n<div  class='hr av-1v5560-b054ff597eadd6571245470ef643278f hr-invisible  avia-builder-el-11  el_after_av_one_full  el_before_av_one_full '><span class='hr-inner '><span class=\"hr-inner-style\"><\/span><\/span><\/div>\n<div class='flex_column_table av-1qh8ew-b9f768063aee5eddc998e6f161ffbfaf sc-av_one_full av-equal-height-column-flextable'>\n<style type=\"text\/css\" data-created_by=\"avia_inline_auto\" id=\"style-css-av-1qh8ew-b9f768063aee5eddc998e6f161ffbfaf\">\n.flex_column.av-1qh8ew-b9f768063aee5eddc998e6f161ffbfaf{\nborder-radius:0px 0px 0px 0px;\n-webkit-border-radius:0px 0px 0px 0px;\n-moz-border-radius:0px 0px 0px 0px;\n}\n<\/style>\n<div class='flex_column av-1qh8ew-b9f768063aee5eddc998e6f161ffbfaf av_one_full  avia-builder-el-12  el_after_av_hr  el_before_av_hr  first flex_column_table_cell av-equal-height-column av-align-top  av-animated-generic pop-up av-zero-column-padding '   ><section  class='av_textblock_section av-1m18ds-c2fa9ef87e0094b87e67d06323ca1b3c'  itemscope=\"itemscope\" itemtype=\"https:\/\/schema.org\/CreativeWork\" ><div class='avia_textblock'  itemprop=\"text\" ><p>Meisterkabinen und Schaltwarten werden in den Bereichen der Industrie, der Chemie, der Stahl- und Kraftwerke und des Flugzeugbaus eingesetzt.<\/p>\n<p>Schaltwarten kommen immer dort zum Einsatz, wo es unwirtschaftlich ist, gro\u00dfe Anlageteile einzukapseln. Ebenso finden Meisterkabinen immer mehr Akzeptanz f\u00fcr eine l\u00e4rmmindernde Einrichtung zur Aus\u00fcbung geistiger T\u00e4tigkeiten. Unsere Kabinen und Warten haben sich seit \u00fcber 25 Jahren vielfach in den industriellen Eins\u00e4tzen bew\u00e4hrt. Die Kabinen und Warten werden im Baukastensystem aufgebaut und k\u00f6nnen problemlos an die individuellen Anforderungen angepasst werden. Je nach Einsatzfall und akustischen Anforderungen werden die Einrichtungen in verschiedenen Elementdicken und mit unterschiedlichen Fl\u00e4chengewichten ausgestattet.<br \/>\nDie Aufstellorte der Einrichtungen lassen sich ebenerdig oder auf Stahlb\u00fchnen gr\u00fcnden.<\/p>\n<p>Die Einrichtungen und Ausstattungen der Kabinen oder Warten lassen sich nach Kundenwusch gestalten. Von Schwingboden bis zur Bel\u00fcftungsanlage, Verglasungen und Beleuchtungen werden die Einrichtungen gemeinsam mit dem Kunden geplant und realisiert.<\/p>\n<\/div><\/section><\/div><\/div><!--close column table wrapper. Autoclose: 1 -->\n\n<style type=\"text\/css\" data-created_by=\"avia_inline_auto\" id=\"style-css-av-1h45ds-7d95fe6ae0b29392f1f17c2f31fbd8d1\">\n#top .hr.hr-invisible.av-1h45ds-7d95fe6ae0b29392f1f17c2f31fbd8d1{\nheight:20px;\n}\n<\/style>\n<div  class='hr av-1h45ds-7d95fe6ae0b29392f1f17c2f31fbd8d1 hr-invisible  avia-builder-el-14  el_after_av_one_full  el_before_av_one_full '><span class='hr-inner '><span class=\"hr-inner-style\"><\/span><\/span><\/div>\n<div class='flex_column_table av-177qd4-bc6c5efa98e9c9c95e19cc75cc1620d5 sc-av_one_full av-equal-height-column-flextable'>\n<style type=\"text\/css\" data-created_by=\"avia_inline_auto\" id=\"style-css-av-177qd4-bc6c5efa98e9c9c95e19cc75cc1620d5\">\n.flex_column.av-177qd4-bc6c5efa98e9c9c95e19cc75cc1620d5{\nborder-radius:0px 0px 0px 0px;\n-webkit-border-radius:0px 0px 0px 0px;\n-moz-border-radius:0px 0px 0px 0px;\n}\n<\/style>\n<div class='flex_column av-177qd4-bc6c5efa98e9c9c95e19cc75cc1620d5 av_one_full  avia-builder-el-15  el_after_av_hr  el_before_av_hr  first flex_column_table_cell av-equal-height-column av-align-top  av-animated-generic pop-up av-zero-column-padding '   ><style type=\"text\/css\" data-created_by=\"avia_inline_auto\" id=\"style-css-av-14mlqo-42b3cbefa7ac437736f5cdb7afca9142\">\n#top .avia-gallery.av-14mlqo-42b3cbefa7ac437736f5cdb7afca9142 .avia-gallery-thumb a{\nwidth:20%;\n}\n<\/style>\n<div  class='avia-gallery av-14mlqo-42b3cbefa7ac437736f5cdb7afca9142 avia_animate_when_visible  avia-builder-el-16  avia-builder-el-no-sibling  deactivate_avia_lazyload avia-gallery-animate avia-gallery-1'  itemprop=\"image\" itemscope=\"itemscope\" itemtype=\"https:\/\/schema.org\/ImageObject\" ><meta itemprop=\"contentURL\" content=\"http:\/\/wgmedia-server4.de\/abn-schallschutz.de\/produkte\/meisterkabinen\/\"><div class='avia-gallery-thumb'><a href=\"http:\/\/wgmedia-server4.de\/abn-schallschutz.de\/wp-content\/uploads\/2018\/01\/fahrstand-kabine-01.jpg\" data-srcset=\"http:\/\/wgmedia-server4.de\/abn-schallschutz.de\/wp-content\/uploads\/2018\/01\/fahrstand-kabine-01.jpg 650w, http:\/\/wgmedia-server4.de\/abn-schallschutz.de\/wp-content\/uploads\/2018\/01\/fahrstand-kabine-01-300x226.jpg 300w, http:\/\/wgmedia-server4.de\/abn-schallschutz.de\/wp-content\/uploads\/2018\/01\/fahrstand-kabine-01-450x339.jpg 450w\" data-sizes=\"(max-width: 650px) 100vw, 650px\" data-rel='gallery-1' data-prev-img='http:\/\/wgmedia-server4.de\/abn-schallschutz.de\/wp-content\/uploads\/2018\/01\/fahrstand-kabine-01.jpg' class='first_thumb lightbox ' data-onclick='1' title='fahrstand-kabine-01'  itemprop=\"thumbnailUrl\"  ><img decoding=\"async\" class=\"wp-image-328 avia-img-lazy-loading-not-328\"   src=\"http:\/\/wgmedia-server4.de\/abn-schallschutz.de\/wp-content\/uploads\/2018\/01\/fahrstand-kabine-01-180x180.jpg\" width=\"180\" height=\"180\"  title='fahrstand-kabine-01' alt='' srcset=\"http:\/\/wgmedia-server4.de\/abn-schallschutz.de\/wp-content\/uploads\/2018\/01\/fahrstand-kabine-01-180x180.jpg 180w, http:\/\/wgmedia-server4.de\/abn-schallschutz.de\/wp-content\/uploads\/2018\/01\/fahrstand-kabine-01-80x80.jpg 80w, http:\/\/wgmedia-server4.de\/abn-schallschutz.de\/wp-content\/uploads\/2018\/01\/fahrstand-kabine-01-36x36.jpg 36w, http:\/\/wgmedia-server4.de\/abn-schallschutz.de\/wp-content\/uploads\/2018\/01\/fahrstand-kabine-01-120x120.jpg 120w, http:\/\/wgmedia-server4.de\/abn-schallschutz.de\/wp-content\/uploads\/2018\/01\/fahrstand-kabine-01-450x450.jpg 450w\" sizes=\"(max-width: 180px) 100vw, 180px\" \/><div class='big-prev-fake'><img loading=\"lazy\" decoding=\"async\" class=\"wp-image-328 avia-img-lazy-loading-328\"  width=\"650\" height=\"489\" src=\"http:\/\/wgmedia-server4.de\/abn-schallschutz.de\/wp-content\/uploads\/2018\/01\/fahrstand-kabine-01.jpg\" title='fahrstand-kabine-01' alt='' srcset=\"http:\/\/wgmedia-server4.de\/abn-schallschutz.de\/wp-content\/uploads\/2018\/01\/fahrstand-kabine-01.jpg 650w, http:\/\/wgmedia-server4.de\/abn-schallschutz.de\/wp-content\/uploads\/2018\/01\/fahrstand-kabine-01-300x226.jpg 300w, http:\/\/wgmedia-server4.de\/abn-schallschutz.de\/wp-content\/uploads\/2018\/01\/fahrstand-kabine-01-450x339.jpg 450w\" sizes=\"auto, (max-width: 650px) 100vw, 650px\" \/><\/div><\/a><a href=\"http:\/\/wgmedia-server4.de\/abn-schallschutz.de\/wp-content\/uploads\/2018\/01\/fahrstand-kabine-02.jpg\" data-srcset=\"http:\/\/wgmedia-server4.de\/abn-schallschutz.de\/wp-content\/uploads\/2018\/01\/fahrstand-kabine-02.jpg 650w, http:\/\/wgmedia-server4.de\/abn-schallschutz.de\/wp-content\/uploads\/2018\/01\/fahrstand-kabine-02-300x226.jpg 300w, http:\/\/wgmedia-server4.de\/abn-schallschutz.de\/wp-content\/uploads\/2018\/01\/fahrstand-kabine-02-450x339.jpg 450w\" data-sizes=\"(max-width: 650px) 100vw, 650px\" data-rel='gallery-1' data-prev-img='http:\/\/wgmedia-server4.de\/abn-schallschutz.de\/wp-content\/uploads\/2018\/01\/fahrstand-kabine-02.jpg' class='lightbox ' data-onclick='2' title='fahrstand-kabine-02'  itemprop=\"thumbnailUrl\"  ><img decoding=\"async\" class=\"wp-image-329 avia-img-lazy-loading-not-329\"   src=\"http:\/\/wgmedia-server4.de\/abn-schallschutz.de\/wp-content\/uploads\/2018\/01\/fahrstand-kabine-02-180x180.jpg\" width=\"180\" height=\"180\"  title='fahrstand-kabine-02' alt='' srcset=\"http:\/\/wgmedia-server4.de\/abn-schallschutz.de\/wp-content\/uploads\/2018\/01\/fahrstand-kabine-02-180x180.jpg 180w, http:\/\/wgmedia-server4.de\/abn-schallschutz.de\/wp-content\/uploads\/2018\/01\/fahrstand-kabine-02-80x80.jpg 80w, http:\/\/wgmedia-server4.de\/abn-schallschutz.de\/wp-content\/uploads\/2018\/01\/fahrstand-kabine-02-36x36.jpg 36w, http:\/\/wgmedia-server4.de\/abn-schallschutz.de\/wp-content\/uploads\/2018\/01\/fahrstand-kabine-02-120x120.jpg 120w, http:\/\/wgmedia-server4.de\/abn-schallschutz.de\/wp-content\/uploads\/2018\/01\/fahrstand-kabine-02-450x450.jpg 450w\" sizes=\"(max-width: 180px) 100vw, 180px\" \/><div class='big-prev-fake'><img loading=\"lazy\" decoding=\"async\" class=\"wp-image-329 avia-img-lazy-loading-329\"  width=\"650\" height=\"489\" src=\"http:\/\/wgmedia-server4.de\/abn-schallschutz.de\/wp-content\/uploads\/2018\/01\/fahrstand-kabine-02.jpg\" title='fahrstand-kabine-02' alt='' srcset=\"http:\/\/wgmedia-server4.de\/abn-schallschutz.de\/wp-content\/uploads\/2018\/01\/fahrstand-kabine-02.jpg 650w, http:\/\/wgmedia-server4.de\/abn-schallschutz.de\/wp-content\/uploads\/2018\/01\/fahrstand-kabine-02-300x226.jpg 300w, http:\/\/wgmedia-server4.de\/abn-schallschutz.de\/wp-content\/uploads\/2018\/01\/fahrstand-kabine-02-450x339.jpg 450w\" sizes=\"auto, (max-width: 650px) 100vw, 650px\" \/><\/div><\/a><a href=\"http:\/\/wgmedia-server4.de\/abn-schallschutz.de\/wp-content\/uploads\/2018\/01\/tchibo-meisterkabine-01.jpg\" data-srcset=\"http:\/\/wgmedia-server4.de\/abn-schallschutz.de\/wp-content\/uploads\/2018\/01\/tchibo-meisterkabine-01.jpg 800w, http:\/\/wgmedia-server4.de\/abn-schallschutz.de\/wp-content\/uploads\/2018\/01\/tchibo-meisterkabine-01-300x225.jpg 300w, http:\/\/wgmedia-server4.de\/abn-schallschutz.de\/wp-content\/uploads\/2018\/01\/tchibo-meisterkabine-01-768x576.jpg 768w, http:\/\/wgmedia-server4.de\/abn-schallschutz.de\/wp-content\/uploads\/2018\/01\/tchibo-meisterkabine-01-705x529.jpg 705w, http:\/\/wgmedia-server4.de\/abn-schallschutz.de\/wp-content\/uploads\/2018\/01\/tchibo-meisterkabine-01-450x338.jpg 450w\" data-sizes=\"(max-width: 800px) 100vw, 800px\" data-rel='gallery-1' data-prev-img='http:\/\/wgmedia-server4.de\/abn-schallschutz.de\/wp-content\/uploads\/2018\/01\/tchibo-meisterkabine-01.jpg' class='lightbox ' data-onclick='3' title='tchibo-meisterkabine-01'  itemprop=\"thumbnailUrl\"  ><img decoding=\"async\" class=\"wp-image-330 avia-img-lazy-loading-not-330\"   src=\"http:\/\/wgmedia-server4.de\/abn-schallschutz.de\/wp-content\/uploads\/2018\/01\/tchibo-meisterkabine-01-180x180.jpg\" width=\"180\" height=\"180\"  title='tchibo-meisterkabine-01' alt='' srcset=\"http:\/\/wgmedia-server4.de\/abn-schallschutz.de\/wp-content\/uploads\/2018\/01\/tchibo-meisterkabine-01-180x180.jpg 180w, http:\/\/wgmedia-server4.de\/abn-schallschutz.de\/wp-content\/uploads\/2018\/01\/tchibo-meisterkabine-01-80x80.jpg 80w, http:\/\/wgmedia-server4.de\/abn-schallschutz.de\/wp-content\/uploads\/2018\/01\/tchibo-meisterkabine-01-36x36.jpg 36w, http:\/\/wgmedia-server4.de\/abn-schallschutz.de\/wp-content\/uploads\/2018\/01\/tchibo-meisterkabine-01-120x120.jpg 120w, http:\/\/wgmedia-server4.de\/abn-schallschutz.de\/wp-content\/uploads\/2018\/01\/tchibo-meisterkabine-01-450x450.jpg 450w\" sizes=\"(max-width: 180px) 100vw, 180px\" \/><div class='big-prev-fake'><img loading=\"lazy\" decoding=\"async\" class=\"wp-image-330 avia-img-lazy-loading-330\"  width=\"800\" height=\"600\" src=\"http:\/\/wgmedia-server4.de\/abn-schallschutz.de\/wp-content\/uploads\/2018\/01\/tchibo-meisterkabine-01.jpg\" title='tchibo-meisterkabine-01' alt='' srcset=\"http:\/\/wgmedia-server4.de\/abn-schallschutz.de\/wp-content\/uploads\/2018\/01\/tchibo-meisterkabine-01.jpg 800w, http:\/\/wgmedia-server4.de\/abn-schallschutz.de\/wp-content\/uploads\/2018\/01\/tchibo-meisterkabine-01-300x225.jpg 300w, http:\/\/wgmedia-server4.de\/abn-schallschutz.de\/wp-content\/uploads\/2018\/01\/tchibo-meisterkabine-01-768x576.jpg 768w, http:\/\/wgmedia-server4.de\/abn-schallschutz.de\/wp-content\/uploads\/2018\/01\/tchibo-meisterkabine-01-705x529.jpg 705w, http:\/\/wgmedia-server4.de\/abn-schallschutz.de\/wp-content\/uploads\/2018\/01\/tchibo-meisterkabine-01-450x338.jpg 450w\" sizes=\"auto, (max-width: 800px) 100vw, 800px\" \/><\/div><\/a><\/div><\/div><\/div><\/div><!--close column table wrapper. Autoclose: 1 -->\n\n<style type=\"text\/css\" data-created_by=\"avia_inline_auto\" id=\"style-css-av-357t4-d4f62bd1e232c5f4697dd7e9fdfae9be\">\n#top .hr.hr-invisible.av-357t4-d4f62bd1e232c5f4697dd7e9fdfae9be{\nheight:20px;\n}\n<\/style>\n<div  class='hr av-357t4-d4f62bd1e232c5f4697dd7e9fdfae9be hr-invisible  avia-builder-el-17  el_after_av_one_full  el_before_av_one_full '><span class='hr-inner '><span class=\"hr-inner-style\"><\/span><\/span><\/div>\n<div class='flex_column_table av-pzaps-872ee8f4cb408e4aca81ab5d494fac81 sc-av_one_full av-equal-height-column-flextable'>\n<style type=\"text\/css\" data-created_by=\"avia_inline_auto\" id=\"style-css-av-pzaps-872ee8f4cb408e4aca81ab5d494fac81\">\n.flex_column.av-pzaps-872ee8f4cb408e4aca81ab5d494fac81{\nborder-radius:0px 0px 0px 0px;\n-webkit-border-radius:0px 0px 0px 0px;\n-moz-border-radius:0px 0px 0px 0px;\n}\n<\/style>\n<div class='flex_column av-pzaps-872ee8f4cb408e4aca81ab5d494fac81 av_one_full  avia-builder-el-18  el_after_av_hr  el_before_av_hr  first flex_column_table_cell av-equal-height-column av-align-top  av-animated-generic pop-up av-zero-column-padding '   ><div  class='togglecontainer av-ktu0o-717a32682a1ac14d72b3ab0f1ad279de  avia-builder-el-19  avia-builder-el-no-sibling  toggle_close_all' >\n<section class='av_toggle_section av-g6b5k-5af49a79456867604496bcfd69bf1d40'  itemscope=\"itemscope\" itemtype=\"https:\/\/schema.org\/CreativeWork\" ><div role=\"tablist\" class=\"single_toggle\" data-tags=\"{Alle} \"  ><p data-fake-id='#toggle-id-1' class='toggler   '  itemprop=\"headline\"  role='tab' tabindex='0' aria-controls='toggle-id-1'>Lieferprogramm<span class=\"toggle_icon\"><span class=\"vert_icon\"><\/span><span class=\"hor_icon\"><\/span><\/span><\/p><div id='toggle-id-1' class='toggle_wrap  '  ><div class='toggle_content invers-color '  itemprop=\"text\" ><h3>Lieferprogramm Meister- und Personalb\u00fcros<strong><br \/>\n<\/strong><\/h3>\n<ul>\n<li>Container<\/li>\n<li>Baukastensysteme<\/li>\n<\/ul>\n<\/div><\/div><\/div><\/section>\n<\/div><\/div><\/div><!--close column table wrapper. Autoclose: 1 -->\n\n<style type=\"text\/css\" data-created_by=\"avia_inline_auto\" id=\"style-css-av-8311k-724db74e1dda043b67e43d779a4c18e5\">\n#top .hr.hr-invisible.av-8311k-724db74e1dda043b67e43d779a4c18e5{\nheight:20px;\n}\n<\/style>\n<div  class='hr av-8311k-724db74e1dda043b67e43d779a4c18e5 hr-invisible  avia-builder-el-20  el_after_av_one_full  avia-builder-el-last '><span class='hr-inner '><span class=\"hr-inner-style\"><\/span><\/span><\/div>\n","protected":false},"excerpt":{"rendered":"","protected":false},"author":1,"featured_media":0,"parent":691,"menu_order":19,"comment_status":"closed","ping_status":"closed","template":"","meta":{"footnotes":""},"class_list":["post-248","page","type-page","status-publish","hentry"],"_links":{"self":[{"href":"http:\/\/wgmedia-server4.de\/abn-schallschutz.de\/wp-json\/wp\/v2\/pages\/248","targetHints":{"allow":["GET"]}}],"collection":[{"href":"http:\/\/wgmedia-server4.de\/abn-schallschutz.de\/wp-json\/wp\/v2\/pages"}],"about":[{"href":"http:\/\/wgmedia-server4.de\/abn-schallschutz.de\/wp-json\/wp\/v2\/types\/page"}],"author":[{"embeddable":true,"href":"http:\/\/wgmedia-server4.de\/abn-schallschutz.de\/wp-json\/wp\/v2\/users\/1"}],"replies":[{"embeddable":true,"href":"http:\/\/wgmedia-server4.de\/abn-schallschutz.de\/wp-json\/wp\/v2\/comments?post=248"}],"version-history":[{"count":13,"href":"http:\/\/wgmedia-server4.de\/abn-schallschutz.de\/wp-json\/wp\/v2\/pages\/248\/revisions"}],"predecessor-version":[{"id":454,"href":"http:\/\/wgmedia-server4.de\/abn-schallschutz.de\/wp-json\/wp\/v2\/pages\/248\/revisions\/454"}],"up":[{"embeddable":true,"href":"http:\/\/wgmedia-server4.de\/abn-schallschutz.de\/wp-json\/wp\/v2\/pages\/691"}],"wp:attachment":[{"href":"http:\/\/wgmedia-server4.de\/abn-schallschutz.de\/wp-json\/wp\/v2\/media?parent=248"}],"curies":[{"name":"wp","href":"https:\/\/api.w.org\/{rel}","templated":true}]}}